{"id":5615,"date":"2024-09-04T14:04:46","date_gmt":"2024-09-04T14:04:46","guid":{"rendered":"https:\/\/exmar.com\/corporate-governance\/"},"modified":"2025-09-21T18:35:32","modified_gmt":"2025-09-21T18:35:32","slug":"corporate-governance","status":"publish","type":"page","link":"https:\/\/exmar.com\/nl\/beleggers\/corporate-governance\/","title":{"rendered":"Corporate Governance"},"content":{"rendered":"\t\t<div data-elementor-type=\"wp-page\" data-elementor-id=\"5615\" class=\"elementor elementor-5615 elementor-4089\" data-elementor-post-type=\"page\">\n\t\t\t\t<div class=\"elementor-element elementor-element-858b1f8 e-flex e-con-boxed e-con e-parent\" data-id=\"858b1f8\" data-element_type=\"container\" data-settings=\"{&quot;jet_parallax_layout_list&quot;:[]}\">\n\t\t\t\t\t<div class=\"e-con-inner\">\n\t\t\t\t<div class=\"elementor-element elementor-element-5d8eb32 elementor-widget elementor-widget-text-editor\" data-id=\"5d8eb32\" data-element_type=\"widget\" data-widget_type=\"text-editor.default\">\n\t\t\t\t<div class=\"elementor-widget-container\">\n\t\t\t\t\t\t\t\t\t<p>EXMAR heeft haar Corporate Governance Charter opgesteld met inachtneming van de Belgische Corporate Governance Code.<\/p><p>Het Corporate Governance Charter van EXMAR is goedgekeurd door de Raad van Bestuur op 3 december 2020.<\/p><p>De meest recente versie (bijgewerkt in augustus 2025) is hier te vinden:<\/p>\t\t\t\t\t\t\t\t<\/div>\n\t\t\t\t<\/div>\n\t\t\t\t<div class=\"elementor-element elementor-element-6f62521 elementor-widget elementor-widget-button\" data-id=\"6f62521\" data-element_type=\"widget\" data-widget_type=\"button.default\">\n\t\t\t\t<div class=\"elementor-widget-container\">\n\t\t\t\t\t\t\t\t\t<div class=\"elementor-button-wrapper\">\n\t\t\t\t\t<a class=\"elementor-button elementor-button-link elementor-size-sm\" href=\"https:\/\/exmar.com\/wp-content\/uploads\/2025\/09\/2025-Corp-Gov-charter-NL.pdf\">\n\t\t\t\t\t\t<span class=\"elementor-button-content-wrapper\">\n\t\t\t\t\t\t<span class=\"elementor-button-icon\">\n\t\t\t\t<i aria-hidden=\"true\" class=\"far fa-arrow-alt-circle-right\"><\/i>\t\t\t<\/span>\n\t\t\t\t\t\t\t\t\t<span class=\"elementor-button-text\">Corporate Governance Charter<\/span>\n\t\t\t\t\t<\/span>\n\t\t\t\t\t<\/a>\n\t\t\t\t<\/div>\n\t\t\t\t\t\t\t\t<\/div>\n\t\t\t\t<\/div>\n\t\t\t\t<div class=\"elementor-element elementor-element-f0dab9d elementor-widget elementor-widget-spacer\" data-id=\"f0dab9d\" data-element_type=\"widget\" data-widget_type=\"spacer.default\">\n\t\t\t\t<div class=\"elementor-widget-container\">\n\t\t\t\t\t\t\t<div class=\"elementor-spacer\">\n\t\t\t<div class=\"elementor-spacer-inner\"><\/div>\n\t\t<\/div>\n\t\t\t\t\t\t<\/div>\n\t\t\t\t<\/div>\n\t\t\t\t<div class=\"elementor-element elementor-element-aafba4a elementor-widget elementor-widget-text-editor\" data-id=\"aafba4a\" data-element_type=\"widget\" data-widget_type=\"text-editor.default\">\n\t\t\t\t<div class=\"elementor-widget-container\">\n\t\t\t\t\t\t\t\t\t<p>Dit Charter wordt ook toegepast op alle ondernemingen van de Groep EXMAR.<\/p><p>Het Charter is een samenvatting van de regels en principes waarrond het corporate governance beleid van EXMAR georganiseerd is, en is gebaseerd op de bepalingen van de geco\u00f6rdineerde statuten, het Belgische Wetboek van Vennootschappen en Verenigingen en de meest recente versie van de Belgische Corporate Governance Code (de \u201cCode 2020\u201d).<\/p><p>EXMAR publiceerde in haar jaarlijks financieel verslag 2024 een Corporate Governance Verklaring:<\/p>\t\t\t\t\t\t\t\t<\/div>\n\t\t\t\t<\/div>\n\t\t\t\t<div class=\"elementor-element elementor-element-07359d5 elementor-widget elementor-widget-button\" data-id=\"07359d5\" data-element_type=\"widget\" data-widget_type=\"button.default\">\n\t\t\t\t<div class=\"elementor-widget-container\">\n\t\t\t\t\t\t\t\t\t<div class=\"elementor-button-wrapper\">\n\t\t\t\t\t<a class=\"elementor-button elementor-button-link elementor-size-sm\" href=\"https:\/\/exmar.com\/wp-content\/uploads\/2025\/05\/Corporate-Governance-Statement-NL.pdf\" target=\"_blank\">\n\t\t\t\t\t\t<span class=\"elementor-button-content-wrapper\">\n\t\t\t\t\t\t<span class=\"elementor-button-icon\">\n\t\t\t\t<i aria-hidden=\"true\" class=\"far fa-arrow-alt-circle-right\"><\/i>\t\t\t<\/span>\n\t\t\t\t\t\t\t\t\t<span class=\"elementor-button-text\">Corporate Governance Verklaring<\/span>\n\t\t\t\t\t<\/span>\n\t\t\t\t\t<\/a>\n\t\t\t\t<\/div>\n\t\t\t\t\t\t\t\t<\/div>\n\t\t\t\t<\/div>\n\t\t\t\t<div class=\"elementor-element elementor-element-348c9d8 elementor-widget elementor-widget-image\" data-id=\"348c9d8\" data-element_type=\"widget\" data-widget_type=\"image.default\">\n\t\t\t\t<div class=\"elementor-widget-container\">\n\t\t\t\t\t\t\t\t\t\t\t\t\t\t\t<img fetchpriority=\"high\" decoding=\"async\" width=\"940\" height=\"245\" src=\"https:\/\/exmar.com\/wp-content\/uploads\/2024\/09\/Norw-22470_1.jpg\" class=\"attachment-full size-full wp-image-4092\" alt=\"Corporate governance\" srcset=\"https:\/\/exmar.com\/wp-content\/uploads\/2024\/09\/Norw-22470_1.jpg 940w, https:\/\/exmar.com\/wp-content\/uploads\/2024\/09\/Norw-22470_1-300x78.jpg 300w, https:\/\/exmar.com\/wp-content\/uploads\/2024\/09\/Norw-22470_1-768x200.jpg 768w\" sizes=\"(max-width: 940px) 100vw, 940px\" \/>\t\t\t\t\t\t\t\t\t\t\t\t\t\t\t<\/div>\n\t\t\t\t<\/div>\n\t\t\t\t<div class=\"elementor-element elementor-element-f8a771d elementor-widget elementor-widget-text-editor\" data-id=\"f8a771d\" data-element_type=\"widget\" data-widget_type=\"text-editor.default\">\n\t\t\t\t<div class=\"elementor-widget-container\">\n\t\t\t\t\t\t\t\t\t<h5><b><br \/>Compliance\/Naleving:<\/b><\/h5>\n<p><span style=\"color: var( --e-global-color-text ); font-family: var( --e-global-typography-77735f5-font-family ), Sans-serif; font-size: var( --e-global-typography-77735f5-font-size );\">EXMAR erkent de noodzaak van duidelijke beleidslijnen, structuren en procedures om de naleving te garanderen van de wereldwijde toepasselijke normen, wetgeving en gebruiken gerelateerd aan Corporate Governance en om inbreuken te voorkomen op de naleving van de toepasbare mededingingswetgeving, belangenconflicten, voorkennis, fraude in de cijfers, fraude en corruptie, gezondheid, veiligheid, omgeving, gegevensbeheer en privacy.<\/span><\/p>\n<h5><b>Code van Bedrijfsethiek :<\/b><\/h5>\n<p>EXMAR\u2019s Code van Bedrijfsethiek, annex aan het Corporate Governance Charter beschrijft \u2018onze manier van werken\u2019. De Code combineert de waarden waar EXMAR belang aan hecht en vat de regels en richtlijnen samen welke nageleefd dienen te worden door iedereen binnen EXMAR. Deze regels en richtlijnen zijn verwant met aspecten betreffende respect voor anderen, de wetgeving, plaatselijke gebruiken, zorg voor de omgeving, bescherming van confidenti\u00eble informatie, bedrijfsmiddelen en voorkennis.  <\/p>\n<h5><b>Dealing Code:<\/b><\/h5>\n<p>Een Dealing Code, annex aan het Corporate Governance Charter werd opgesteld. Deze Dealing Code richt zich tot alle werknemers, tijdelijk personeel, leden van de Raad van Bestuur en managers van EXMAR NV en zijn dochtermaatschappijen . Deze Code geldt ook voor de consultants en adviseurs van de Groep.  <\/p>\n<p>Deze Code is bedoeld om te verzekeren dat alle personen die op om het even welk ogenblik Voorwetenschap bezitten geen misbruik maken van deze voorwetenschap en geen vermoeden wekken er misbruik van te maken (bv. door aandelen of andere effecten van de onderneming te kopen of te verkopen op basis van voorwetenschap). Ze wil ook verzekeren dat deze personen de Voorwetenschap vertrouwelijk houden en zich van marktmanipulatie onthouden.<\/p>\n<p>De wettelijke grondslag van deze Code is de Verordening Nr. 596\/2014 betreffende marktmisbruik (de Verordening marktmisbruik), samen met haar uitvoeringsregels en de richtlijnen van de ESMA en de FSMA.<\/p>\n<h5><b>Transacties met verbonden partijen en genomen beslissingen :<\/b><\/h5>\n<p>De procedure werd voorbereid en goedgekeurd door de Raad van Bestuur van EXMAR gehouden op 9 september 2021, overeenkomstig artikel 7:97, \u00a71 van het Belgische Wetboek van Vennootschappen en Verenigingen (WVV) om de werkwijze uiteen te zetten die van toepassing is op de beoordeling door de Vennootschap van transacties en beslissingen met verbonden partijen.<\/p>\n<p>De procedure werd goedgekeurd op voorstel van het Audit en Risico Comit\u00e9 van de Vennootschap en de externe auditor.<\/p>\n<p>Bepaalde transacties of beslissingen met een &#8220;verbonden partij&#8221; in de zin van IAS 24 (international accounting standard), genomen door de Vennootschap en haar dochtervennootschappen die tot de bevoegdheid van de Raad van Bestuur behoren moeten voorafgaandelijk voorgelegd worden aan een comit\u00e9 van minstens drie onafhankelijke bestuurders, die een schriftelijk gemotiveerd advies over de voorwaarden van de transactie uitbrengen bij het bestuursorgaan. Het comit\u00e9 van onafhankelijken kan beslissen of het zich al dan niet door \u00e9\u00e9n of meer onafhankelijke experten (financieel, juridisch, technisch, \u2026) laat bijstaan. De externe auditor wordt voor de vergadering van de Raad van Bestuur ge\u00efnformeerd om over de transactie verslag uit te brengen over de toegepaste financi\u00eble en boekhoudkundige gegevens. Pas dan beslist de Raad van Bestuur over de voorgestelde transactie of beslissing. De externe auditor wordt voor de vergadering van de Raad van Bestuur ge\u00efnformeerd om over de transactie verslag uit te brengen over de toegepaste financi\u00eble en boekhoudkundige gegevens. Pas dan beslist de Raad van Bestuur over de voorgestelde transactie of beslissing.   <\/p>\n<p>De bestuurder die een belangenconflict hebben zoals voorzien door artikel 7:96 WVV of betrokken zijn in de voorgestelde transactie of beslissing zullen niet aan de beraadslaging of stemming deelnemen.<\/p>\n<p>De transacties zullen, zoals voorzien door artikel 7:96 BWVV, onmiddellijk openbaar worden. Bovendien worden de transacties opgenomen in de notulen van de Raad van Bestuur en worden in het volgende jaarverslag bekendgemaakt.<\/p>\n<p>EXMAR publiceert deze beslissingen hier.<\/p><\/p>\n\t\t\t\t\t\t\t\t<\/div>\n\t\t\t\t<\/div>\n\t\t\t\t<div class=\"elementor-element elementor-element-362e42b elementor-widget elementor-widget-button\" data-id=\"362e42b\" data-element_type=\"widget\" data-widget_type=\"button.default\">\n\t\t\t\t<div class=\"elementor-widget-container\">\n\t\t\t\t\t\t\t\t\t<div class=\"elementor-button-wrapper\">\n\t\t\t\t\t<a class=\"elementor-button elementor-button-link elementor-size-sm\" href=\"https:\/\/exmar.com\/wp-content\/uploads\/2024\/09\/remuneratiebeleid_2021_nl_rev_2022.pdf\">\n\t\t\t\t\t\t<span class=\"elementor-button-content-wrapper\">\n\t\t\t\t\t\t<span class=\"elementor-button-icon\">\n\t\t\t\t<i aria-hidden=\"true\" class=\"far fa-arrow-alt-circle-right\"><\/i>\t\t\t<\/span>\n\t\t\t\t\t\t\t\t\t<span class=\"elementor-button-text\">Remuneratiebeleid<\/span>\n\t\t\t\t\t<\/span>\n\t\t\t\t\t<\/a>\n\t\t\t\t<\/div>\n\t\t\t\t\t\t\t\t<\/div>\n\t\t\t\t<\/div>\n\t\t\t\t<div class=\"elementor-element elementor-element-9c9f09d elementor-widget elementor-widget-text-editor\" data-id=\"9c9f09d\" data-element_type=\"widget\" data-widget_type=\"text-editor.default\">\n\t\t\t\t<div class=\"elementor-widget-container\">\n\t\t\t\t\t\t\t\t\t<p>Het remuneratiebeleid van EXMAR is opgesteld in overeenstemming met de bepalingen van omzetting van de Gewijzigde Aandeelhoudersrichtlijn (SRD II), het Belgische Wetboek van Vennootschappen en Verenigingen (WVV) en de Belgische Corporate Governance Code 2020 (Code 2020).<\/p>\n<p>Het remuneratiebeleid beschrijft de principes die EXMAR NV (de Vennootschap) hanteert voor de remuneratie van zijn bestuurders en leden van het uitvoerend management en werd goedgekeurd door de Raad van Bestuur op aanbeveling van het Benoemings- en Remuneratiecomit\u00e9. Het remuneratiebeleid werd goedgekeurd door de Algemene Aandeelhoudersvergadering van 18 mei 2021 en zal ten minste om de vier jaar en bij elk voorstel van wezenlijke wijziging ervan, aan de Algemene Aandeelhoudersvergadering worden voorgelegd. <\/p>\n\t\t\t\t\t\t\t\t<\/div>\n\t\t\t\t<\/div>\n\t\t\t\t\t<\/div>\n\t\t\t\t<\/div>\n\t\t\t\t<\/div>\n\t\t","protected":false},"excerpt":{"rendered":"<p>EXMAR heeft haar Corporate Governance Charter opgesteld met inachtneming van de Belgische Corporate Governance Code. Het Corporate Governance Charter van EXMAR is goedgekeurd door de Raad van Bestuur op 3 december 2020. De meest recente versie (bijgewerkt in augustus 2025) is hier te vinden: Corporate Governance Charter Dit Charter wordt ook toegepast op alle ondernemingen [&hellip;]<\/p>\n","protected":false},"author":11,"featured_media":0,"parent":5713,"menu_order":0,"comment_status":"closed","ping_status":"closed","template":"","meta":{"footnotes":""},"class_list":["post-5615","page","type-page","status-publish","hentry"],"_links":{"self":[{"href":"https:\/\/exmar.com\/nl\/wp-json\/wp\/v2\/pages\/5615","targetHints":{"allow":["GET"]}}],"collection":[{"href":"https:\/\/exmar.com\/nl\/wp-json\/wp\/v2\/pages"}],"about":[{"href":"https:\/\/exmar.com\/nl\/wp-json\/wp\/v2\/types\/page"}],"author":[{"embeddable":true,"href":"https:\/\/exmar.com\/nl\/wp-json\/wp\/v2\/users\/11"}],"replies":[{"embeddable":true,"href":"https:\/\/exmar.com\/nl\/wp-json\/wp\/v2\/comments?post=5615"}],"version-history":[{"count":22,"href":"https:\/\/exmar.com\/nl\/wp-json\/wp\/v2\/pages\/5615\/revisions"}],"predecessor-version":[{"id":9418,"href":"https:\/\/exmar.com\/nl\/wp-json\/wp\/v2\/pages\/5615\/revisions\/9418"}],"up":[{"embeddable":true,"href":"https:\/\/exmar.com\/nl\/wp-json\/wp\/v2\/pages\/5713"}],"wp:attachment":[{"href":"https:\/\/exmar.com\/nl\/wp-json\/wp\/v2\/media?parent=5615"}],"curies":[{"name":"wp","href":"https:\/\/api.w.org\/{rel}","templated":true}]}}